{"id":242,"date":"2018-11-17T10:50:08","date_gmt":"2018-11-17T09:50:08","guid":{"rendered":"http:\/\/roukens.club\/?page_id=242"},"modified":"2018-11-17T10:52:22","modified_gmt":"2018-11-17T09:52:22","slug":"amazon-et-le-commerce-de-detail","status":"publish","type":"page","link":"https:\/\/roukens.club\/index.php\/amazon-et-le-commerce-de-detail\/","title":{"rendered":"Amazon et le commerce de d\u00e9tail"},"content":{"rendered":"<p>L&rsquo;invit\u00e9 du WE des 17 et 18 novembre 2018 dans le journal La Libre Belgique \u00e9tait C\u00e9dric Olbrechts, Co-Fondateur de Vendis-Capital. Entretien r\u00e9alis\u00e9 par Ariane van Caloen qui lui demande : <em>Et comment voyez-vous Amazon ? <\/em>Voici sa r\u00e9ponse :<\/p>\n<p><em>Amazon est une opportunit\u00e9 pour la plupart des marques. Cela peut permettre \u00e0 des entreprises d&rsquo;aller dans des pays o\u00f9 elles n&rsquo;\u00e9taient pas pr\u00e9sentes. Mais c&rsquo;est vrai qu&rsquo;il y a une remise en question importante pour tout ce qui concerne le commerce de d\u00e9tail. Aujourd&rsquo;hui dans le retail, il faut, plus que jamais, \u00eatre tr\u00e8s bon, tant au niveau du produit, du service que de l&rsquo;exp\u00e9rience pour le client. Il faut \u00e9viter les magasins qui jouent uniquement sur le prix, qui sont devenus sans \u00e2me.On doit recr\u00e9er de l&rsquo;\u00e9motion, de l&rsquo;exp\u00e9rience afin de donner l&rsquo;envie d&rsquo;aller dans les magasins, notamment en famille. C&rsquo;est ce que Ikea fait magnifiquement bien. AS Adventure aussi . Ce n&rsquo;est pas juste: \u00ab\u00a0J&rsquo;aime ce magasin\u00a0\u00bb, c&rsquo;est se dire qu&rsquo;on s&rsquo;y sent bien.<\/em><\/p>\n","protected":false},"excerpt":{"rendered":"<p>L&rsquo;invit\u00e9 du WE des 17 et 18 novembre 2018 dans le journal La Libre Belgique \u00e9tait C\u00e9dric Olbrechts, Co-Fondateur de Vendis-Capital. Entretien r\u00e9alis\u00e9 par Ariane van Caloen qui lui demande : Et comment voyez-vous Amazon ? Voici sa r\u00e9ponse : Amazon est une opportunit\u00e9 pour la plupart des marques. Cela peut permettre \u00e0 des entreprises &hellip; <a href=\"https:\/\/roukens.club\/index.php\/amazon-et-le-commerce-de-detail\/\" class=\"more-link\">Continuer la lecture de <span class=\"screen-reader-text\">Amazon et le commerce de d\u00e9tail<\/span> <span class=\"meta-nav\">&rarr;<\/span><\/a><\/p>\n","protected":false},"author":1,"featured_media":0,"parent":0,"menu_order":0,"comment_status":"closed","ping_status":"closed","template":"","meta":[],"_links":{"self":[{"href":"https:\/\/roukens.club\/index.php\/wp-json\/wp\/v2\/pages\/242"}],"collection":[{"href":"https:\/\/roukens.club\/index.php\/wp-json\/wp\/v2\/pages"}],"about":[{"href":"https:\/\/roukens.club\/index.php\/wp-json\/wp\/v2\/types\/page"}],"author":[{"embeddable":true,"href":"https:\/\/roukens.club\/index.php\/wp-json\/wp\/v2\/users\/1"}],"replies":[{"embeddable":true,"href":"https:\/\/roukens.club\/index.php\/wp-json\/wp\/v2\/comments?post=242"}],"version-history":[{"count":3,"href":"https:\/\/roukens.club\/index.php\/wp-json\/wp\/v2\/pages\/242\/revisions"}],"predecessor-version":[{"id":245,"href":"https:\/\/roukens.club\/index.php\/wp-json\/wp\/v2\/pages\/242\/revisions\/245"}],"wp:attachment":[{"href":"https:\/\/roukens.club\/index.php\/wp-json\/wp\/v2\/media?parent=242"}],"curies":[{"name":"wp","href":"https:\/\/api.w.org\/{rel}","templated":true}]}}